{"id":11,"date":"2015-08-17T13:41:26","date_gmt":"2015-08-17T11:41:26","guid":{"rendered":"http:\/\/wp3.joerg-bohlen.de\/?page_id=11"},"modified":"2015-11-19T14:30:15","modified_gmt":"2015-11-19T13:30:15","slug":"interests","status":"publish","type":"page","link":"https:\/\/www.joerg-bohlen.de\/?page_id=11","title":{"rendered":"Interests"},"content":{"rendered":"<h4><strong><span style=\"text-decoration: underline;\">Research interests<\/span><\/strong><\/h4>\n<p>My major interests are the autecology and zoogeography, both in the broader sense, of small freshwater fishes. My primary interest lays on fishes of Eurasia. During last years I worked mainly on loaches of the genera <em>Cobitis<\/em> and <em>Sabanejewia<\/em>. Regarding the autecology, I focuss on reproductive and larval biology. The best ideas on which factor may be important for the fish I get from field data and from observations of aquarium stocks. Afterwards, the potential mechanisms can be tested in laboratory experiments. My interest in zoogeography includes the distribution of fishes as well as the problems around their identification (by analyses of morphology and karyotype) and their relationships and dispersal (by comparing mtDNA sequences).<\/p>\n<p>&nbsp;<\/p>\n<p><span style=\"text-decoration: underline;\"><strong>About Fishes<\/strong><\/span><\/p>\n<p>in english:<\/p>\n<p><a href=\"http:\/\/www.calacademy.org\/research\/ichthyology\/catalog\/fishcatsearch.html\">The Eschmeyer catalog of fishes<\/a> &#8211; Browse the world-leading catalog about taxonomic state of most described fishes here online and free.<\/p>\n<p><a href=\"http:\/\/www.fishbase.org\/search.html?server=NRM-Stockholm\">Fish base<\/a> &#8211; The best address to obtain first information about fishes, either species, families etc, contains pictures and references.<\/p>\n<p><a href=\"http:\/\/www.nrm.se\/ve\/pisces\/eis\/eiscurr.shtml\">European Ichthyological Society<\/a> &#8211; An international, non-governmental organisation of scientists and individuals interested in ichthyology.<\/p>\n<p><a href=\"http:\/\/www.zin.ru\/animalia\/pisces\/eng\/index_eng.html\">Freshwater Fishes of Russia<\/a> &#8211; A new but fine site informing about topics around fishes in Russia, contains texts and pictures about the taxa as well as a literature database and a collection database.<\/p>\n<p><a href=\"http:\/\/www.vendula-slechtova.de\">Vendula&#8217;s homepage<\/a> &#8211; contains information about this nice person as well as about &#8218;her&#8216; fish groups, especially sculpins (<em>Cottus<\/em>) and loaches (<em>Botia<\/em>).<\/p>\n<p><a href=\"http:\/\/www.loaches.com\/index.html\">Loaches online<\/a> &#8211; The largest page I know about loach fishes.<\/p>\n<p>in deutsch:<\/p>\n<p><a href=\"http:\/\/www.aquanet.de\/vereine\/frameset-AKFS.htm\">AKFS<\/a> &#8211; Arbeitskreis Kaltwasserfische und Fische der Subtropen &#8211; Eine erst 1997 gegr\u00fcndete kleine Arbeitsgruppe innerhalb des VDA (Verband deutscher Vereine f\u00fcr Aquarien- und Terrarienkunde e.V.), die Aquarianer, Biologen und Gartenteichler verbindet, die sich speziell mit der Pflege von Fischen, Pflanzen (und manchmal anderen S\u00fcsswassertieren) der gem\u00e4ssigten Breiten besch\u00e4ftigen.<\/p>\n<p><a href=\"http:\/\/www.schmerlen.de\">www.schmerlen.de<\/a> &#8211; Allerlei rund um Schmerlen<\/p>\n<p>&nbsp;<\/p>\n<p><span style=\"text-decoration: underline;\"><strong>Invertebrates<\/strong><\/span><\/p>\n<p><a href=\"http:\/\/www.araneae.unibe.ch\/index.html\">Central European Spiders<\/a> &#8211; Intelligent determination key for Central European spiders, allows start at families, genera and species. Basically an updated online version of <em>Spinnen Mitteleuropas<\/em> (\u201cCentral European Spiders\u201d) from Heimer\/Nentwig 1991.<\/p>\n<p>in deutsch:<\/p>\n<p><a href=\"http:\/\/www.wirbellose.de\">www.wirbellose.de<\/a> &#8211; Arbeitsgemeinschaft Wirbellose Tiere der Binnengew\u00e4sser. Ein lockerer Zusammenschluss von Aquarianern und Biologen, die sich mit wirbellosen Tieren besch\u00e4ftigen. Sehr informative Seiten.<\/p>\n<p><a href=\"http:\/\/www.mollusca.net\">www.mollusca.net<\/a> &#8211; Viele Informationen rund um Land- und S\u00fcsswassermollusken in Deutschlan. Artenliste, Institutsadressen und Linksammlung.<\/p>\n<p>&nbsp;<\/p>\n<p><span style=\"text-decoration: underline;\"><strong>Institutions<\/strong><\/span><\/p>\n<p><a href=\"http:\/\/www.iapg.cas.cz\/\">IAPG<\/a> &#8211; The institute I work at.<\/p>\n<p><a href=\"http:\/\/www.researchgate.net\/profile\/Joerg_Bohlen\" target=\"_blank\">ResearchGate<\/a> &#8211; My Page<\/p>\n<p><a href=\"http:\/\/www.linstep.de\/\">Linstep<\/a> &#8211; the\u00a0Companie who did this Page<\/p>\n<p>&nbsp;<\/p>\n<p><span style=\"text-decoration: underline;\"><strong>Journals<\/strong><\/span><\/p>\n<p>You can visit the homepages of some of the cooperative journals under the following addresses:<\/p>\n<p><a href=\"http:\/\/www.nhm-wien.ac.at\/d\/verlag.html\">www.nhm-wien.ac.at\/d\/verlag.html<\/a> &#8211; Annalen des Naturhistorischen Museums zu Wien<\/p>\n<p><a href=\"http:\/\/www.datz.de\">www.datz.de<\/a> &#8211; DATZ<\/p>\n<p><a href=\"http:\/\/www.naturundmensch.de\">http:\/\/www.naturundmensch.de<\/a> &#8211; Drosera<\/p>\n<p><a href=\"http:\/\/www.ivb.cz\/pubser_en.htm\">www.ivb.cz\/pubser_en.htm<\/a> &#8211; Folia Zoologica<\/p>\n<p><a href=\"http:\/\/http:\/\/www.springerlink.com\/app\/home\/journal.asp?wasp=pgwf2q5lfm7vxk8a2gdh&amp;referrer=parent&amp;backto=linkingpublicationresults,id:106622,1\">http:\/\/www.springerlink.com<\/a> &#8211; Ichthyological Research<\/p>\n<p><a href=\"http:\/\/www.scienzemfn.uniroma1.it\/uzi\/\">www.scienzemfn.uniroma1.it\/uzi\/<\/a> &#8211; Italian Journal of Zoology<\/p>\n<p><a href=\"http:\/\/www.sciencedirect.com\/science\/journal\/00221112\">www.sciencedirect.com\/science\/journal\/<\/a> &#8211; Journal of Fish Biology<\/p>\n<p><a href=\"http:\/\/www.kasparek-verlag.de\">www.kasparek-verlag.de<\/a> &#8211; Zoology in the Middle East<\/p>\n<p>&nbsp;<\/p>\n","protected":false},"excerpt":{"rendered":"<p>Research interests My major interests are the autecology and zoogeography, both in the broader sense, of small freshwater fishes. My primary interest lays on fishes of Eurasia. During last years I worked mainly on loaches of the genera Cobitis and Sabanejewia. Regarding the autecology, I focuss on reproductive and larval biology. The best ideas on [&hellip;]<\/p>\n","protected":false},"author":1,"featured_media":0,"parent":0,"menu_order":0,"comment_status":"closed","ping_status":"closed","template":"","meta":{"ngg_post_thumbnail":0},"_links":{"self":[{"href":"https:\/\/www.joerg-bohlen.de\/index.php?rest_route=\/wp\/v2\/pages\/11"}],"collection":[{"href":"https:\/\/www.joerg-bohlen.de\/index.php?rest_route=\/wp\/v2\/pages"}],"about":[{"href":"https:\/\/www.joerg-bohlen.de\/index.php?rest_route=\/wp\/v2\/types\/page"}],"author":[{"embeddable":true,"href":"https:\/\/www.joerg-bohlen.de\/index.php?rest_route=\/wp\/v2\/users\/1"}],"replies":[{"embeddable":true,"href":"https:\/\/www.joerg-bohlen.de\/index.php?rest_route=%2Fwp%2Fv2%2Fcomments&post=11"}],"version-history":[{"count":7,"href":"https:\/\/www.joerg-bohlen.de\/index.php?rest_route=\/wp\/v2\/pages\/11\/revisions"}],"predecessor-version":[{"id":544,"href":"https:\/\/www.joerg-bohlen.de\/index.php?rest_route=\/wp\/v2\/pages\/11\/revisions\/544"}],"wp:attachment":[{"href":"https:\/\/www.joerg-bohlen.de\/index.php?rest_route=%2Fwp%2Fv2%2Fmedia&parent=11"}],"curies":[{"name":"wp","href":"https:\/\/api.w.org\/{rel}","templated":true}]}}