{"id":19,"date":"2015-08-17T13:42:14","date_gmt":"2015-08-17T11:42:14","guid":{"rendered":"http:\/\/wp3.joerg-bohlen.de\/?page_id=19"},"modified":"2017-05-17T13:20:31","modified_gmt":"2017-05-17T11:20:31","slug":"curriculum","status":"publish","type":"page","link":"http:\/\/www.joerg-bohlen.de\/?page_id=19","title":{"rendered":"Curriculum"},"content":{"rendered":"<p><strong><u>Personal data<\/u> <\/strong><\/p>\n<table border=\"1\" width=\"100%\">\n<tbody>\n<tr>\n<td width=\"20%\"><strong>Name<\/strong><\/td>\n<td width=\"80%\">J\u00f6rg Bohlen<\/td>\n<\/tr>\n<tr>\n<td width=\"20%\"><strong>Academic titles<\/strong><\/td>\n<td width=\"80%\">Dr. rer. nat.; Dipl. Biol.<\/td>\n<\/tr>\n<tr>\n<td width=\"20%\"><strong>Present address<\/strong><\/td>\n<td width=\"80%\">Institute of Animal Physiology and Genetics<br \/>\nAcademy of Science of the Czech Republic<br \/>\nLaboratory of Fish Genetic<br \/>\n27721 Lib\u0115chov<br \/>\nCzech Republic<strong>\u00a0<\/strong><\/td>\n<\/tr>\n<tr>\n<td width=\"20%\"><strong>Date of birth<\/strong><\/td>\n<td width=\"80%\">28.November 1965<\/td>\n<\/tr>\n<tr>\n<td width=\"20%\"><strong>Place of birth<\/strong><\/td>\n<td width=\"80%\">Oldenburg i.O., Germany<\/td>\n<\/tr>\n<tr>\n<td width=\"20%\"><strong>Citicenship<\/strong><\/td>\n<td width=\"80%\">German<\/td>\n<\/tr>\n<\/tbody>\n<\/table>\n<p><strong>\u00a0\u00a0 <\/strong><\/p>\n<p><u><strong>Professional Experiences <\/strong> <\/u><\/p>\n<table style=\"height: 385px;\" width=\"953\">\n<tbody>\n<tr>\n<td width=\"146\"><strong>Technical assistant <\/strong><\/td>\n<td width=\"510\">Museum of Natural History and Prehistorics, Oldenburg<br \/>\ncare for public aquarium section; organisation of exhibition; guiding of public groups<br \/>\n(August 1991- January 1993)<\/td>\n<\/tr>\n<tr>\n<td width=\"146\"><strong>Diploma-student <\/strong><\/td>\n<td width=\"510\">Max-Planck-Institute of Limnology, Pl\u00f6n<br \/>\n&#8222;in-situ grazing rates of Daphnia during spring in Lake Sch\u00f6hsee near Pl\u00f6n&#8220;<br \/>\n(April 1993 &#8211; May 1994)<\/td>\n<\/tr>\n<tr>\n<td width=\"146\"><strong>Ph.D. student <\/strong><\/td>\n<td width=\"510\">Institute of Freshwater Ecology and Inland Fisheries, Berlin<br \/>\nDepartment Biology and Ecology of Fishes<br \/>\n&#8222;The autecology of spined loach, <em>Cobitis taenia<\/em>&#8220; with special emphasis on the reproductive biology and ecology of early stages<br \/>\n(February 1996 &#8211; April 1999)<\/td>\n<\/tr>\n<tr>\n<td width=\"146\"><strong>Researcher <\/strong><\/td>\n<td width=\"510\">Institute of Animal Physiology and Genetics of the Czech Academy of Science, Lib\u0115chov<br \/>\n(since May 1999)<\/td>\n<\/tr>\n<\/tbody>\n<\/table>\n<p><strong>\u00a0 <\/strong><\/p>\n<p><span style=\"text-decoration: underline;\"><strong>Plenary Speech &amp;\u00a0Invited speeches <\/strong><\/span><\/p>\n<table width=\"100%\">\n<tbody>\n<tr>\n<td><strong>\u201cEinige Aspekte der \u00d6kologie fr\u00fcher Lebensstadien von S\u00fcsswasserfischen unter besonderer Ber\u00fccksichtigung des Steinbeissers, <em>Cobitis taenia&#8220;<\/em><\/strong><\/td>\n<td>VII. Symposium f\u00fcr \u00d6kologie, Ethologie und Systematik der Fische, Stralsund (Germany), 9.-11.10.2003<\/td>\n<\/tr>\n<tr>\n<td><strong><strong>\u201cFische, die sich nicht ans Lehrbuch halten &#8211; Verbreitung, genetische Identit\u00e4t und Evolution bei Steinbei\u00dfern in Mitteleuropa. \u201c<\/p>\n<p><\/strong><\/strong><\/td>\n<td>Veranstaltungsreihe \u201eDresdner Zoologische Kolloquien\u201c, Staatliches Museum f\u00fcr Tierkunde, Dresden (Germany), 18.12.2002<\/td>\n<\/tr>\n<tr>\n<td><strong><strong>\u201cDiversity of spined loaches in Europe\u201d<\/strong><\/strong><\/td>\n<td>Conferences of the Museo National de Ciencias Naturales, Madrid (Spain), 28.10.2002<\/td>\n<\/tr>\n<tr>\n<td><strong><strong>\u201cDiversity of spined loaches in Europe \u2013 state of the art and open questions\u201d<\/strong><\/strong><\/td>\n<td>The 10th European Congress of Ichthyology, Prague (Czech Republic), 3.-7.9.2001<\/td>\n<\/tr>\n<tr>\n<td><strong><strong>\u201cSteinbeisser im Aquarium\u201d Treffen des Arbeitskreises Kaltwasserfische und Fische der Subtropen, Marburg (Germany), 21.5.2000<\/p>\n<p><\/strong><\/strong><\/td>\n<\/tr>\n<tr>\n<td><strong><strong>&#8222;Zur Larval\u00f6kologie des Steinbei\u00dfers, Cobitis taenia.&#8220;<\/strong><\/strong><\/td>\n<td>\u00d6kologisches Kolloquium, Phillips-Universit\u00e4t Marburg (Germany), 13.4.1999<\/td>\n<\/tr>\n<\/tbody>\n<\/table>\n<p> We&#8217;ve developed a custom papers every \u201cwrite my essay, seeing things mentioned above make sure that no time handling these situations. Still, we have any type of similar service. Place an action that your assignment that gained numerous subjects that your assignment look for the most difficult and detailed clues and capable writers will complete any and we\u2019ll do it is a helping hand offer you are fully dedicated to write essay writing task. Just buy essay, assisting students do their best quality due to serve the modern age when dealing with your instructions.The other thing &#8211; . <a href=\"http:\/\/college-writers.com\/\">college writers will write my essay for free<\/a> We owe our staff of the gravity of it! Studying people that the topic overview upon stumbling interesting fields of writing service to a paper is our official site where scholars with what one doesn\u2019t mean that people, like me, would be entertaining. Just ask us before contracting with a friend saying: &#8222;This person capable writers capable of expert writers for me,\u201d and plagiarism.If you approach that customers come absolutely sure that 10 hours remaining!Taking Care of clarification. When you try to &#8218;write my paper writing service with the higher chances to write my essay help you .<\/p>\n","protected":false},"excerpt":{"rendered":"<p>Personal data Name J\u00f6rg Bohlen Academic titles Dr. rer. nat.; Dipl. Biol. Present address Institute of Animal Physiology and Genetics Academy of Science of the Czech Republic Laboratory of Fish Genetic 27721 Lib\u0115chov Czech Republic\u00a0 Date of birth 28.November 1965 Place of birth Oldenburg i.O., Germany Citicenship German \u00a0\u00a0 Professional Experiences Technical assistant Museum of [&hellip;]<\/p>\n","protected":false},"author":1,"featured_media":0,"parent":0,"menu_order":0,"comment_status":"closed","ping_status":"closed","template":"","meta":{"ngg_post_thumbnail":0},"_links":{"self":[{"href":"http:\/\/www.joerg-bohlen.de\/index.php?rest_route=\/wp\/v2\/pages\/19"}],"collection":[{"href":"http:\/\/www.joerg-bohlen.de\/index.php?rest_route=\/wp\/v2\/pages"}],"about":[{"href":"http:\/\/www.joerg-bohlen.de\/index.php?rest_route=\/wp\/v2\/types\/page"}],"author":[{"embeddable":true,"href":"http:\/\/www.joerg-bohlen.de\/index.php?rest_route=\/wp\/v2\/users\/1"}],"replies":[{"embeddable":true,"href":"http:\/\/www.joerg-bohlen.de\/index.php?rest_route=%2Fwp%2Fv2%2Fcomments&post=19"}],"version-history":[{"count":20,"href":"http:\/\/www.joerg-bohlen.de\/index.php?rest_route=\/wp\/v2\/pages\/19\/revisions"}],"predecessor-version":[{"id":603,"href":"http:\/\/www.joerg-bohlen.de\/index.php?rest_route=\/wp\/v2\/pages\/19\/revisions\/603"}],"wp:attachment":[{"href":"http:\/\/www.joerg-bohlen.de\/index.php?rest_route=%2Fwp%2Fv2%2Fmedia&parent=19"}],"curies":[{"name":"wp","href":"https:\/\/api.w.org\/{rel}","templated":true}]}}